{"id":920,"date":"2022-06-03T17:17:32","date_gmt":"2022-06-03T17:17:32","guid":{"rendered":"https:\/\/theme.madsparrow.me\/nicex\/?page_id=920"},"modified":"2024-03-26T04:19:32","modified_gmt":"2024-03-26T04:19:32","slug":"about-us","status":"publish","type":"page","link":"https:\/\/xtremdigital.com\/francais\/about-us\/","title":{"rendered":"\u00c0 propos de nous"},"content":{"rendered":"<div data-elementor-type=\"wp-page\" data-elementor-id=\"920\" class=\"elementor elementor-920\">\n\t\t\t\t\t\t<section class=\"elementor-section elementor-top-section elementor-element elementor-element-68924aa elementor-section-full_width elementor-section-height-min-height elementor-section-height-default elementor-section-items-middle\" data-id=\"68924aa\" data-element_type=\"section\" data-e-type=\"section\">\n\t\t\t\t\t\t<div class=\"elementor-container elementor-column-gap-custom\">\n\t\t\t\t\t<div class=\"elementor-column elementor-col-100 elementor-top-column elementor-element elementor-element-8e196ca\" data-id=\"8e196ca\" data-element_type=\"column\" data-e-type=\"column\">\n\t\t\t<div class=\"elementor-widget-wrap elementor-element-populated\">\n\t\t\t\t\t\t<section class=\"elementor-section elementor-inner-section elementor-element elementor-element-b5294fd elementor-section-full_width elementor-section-height-min-height elementor-reverse-mobile elementor-reverse-tablet elementor-section-height-default\" data-id=\"b5294fd\" data-element_type=\"section\" data-e-type=\"section\">\n\t\t\t\t\t\t<div class=\"elementor-container elementor-column-gap-no\">\n\t\t\t\t\t<div class=\"elementor-column elementor-col-50 elementor-inner-column elementor-element elementor-element-f64d004 has-stretch-block to-left\" data-id=\"f64d004\" data-element_type=\"column\" data-e-type=\"column\">\n\t\t\t<div class=\"elementor-widget-wrap elementor-element-populated\">\n\t\t\t\t\t\t<div class=\"elementor-element elementor-element-7184a25 elementor-widget elementor-widget-heading\" data-id=\"7184a25\" data-element_type=\"widget\" data-e-type=\"widget\" data-widget_type=\"heading.default\">\n\t\t\t\t<div class=\"elementor-widget-container\">\n\t\t\t\t\t<h2 class=\"elementor-heading-title elementor-size-default\">Chaque grand design<\/h2>\t\t\t\t<\/div>\n\t\t\t\t<\/div>\n\t\t\t\t<div class=\"elementor-element elementor-element-2b07790 elementor-widget elementor-widget-heading\" data-id=\"2b07790\" data-element_type=\"widget\" data-e-type=\"widget\" data-widget_type=\"heading.default\">\n\t\t\t\t<div class=\"elementor-widget-container\">\n\t\t\t\t\t<h2 class=\"elementor-heading-title elementor-size-default\">Commence par une histoire encore meilleure<\/h2>\t\t\t\t<\/div>\n\t\t\t\t<\/div>\n\t\t\t\t<div class=\"elementor-element elementor-element-ff9e61a elementor-widget elementor-widget-text-editor\" data-id=\"ff9e61a\" data-element_type=\"widget\" data-e-type=\"widget\" data-widget_type=\"text-editor.default\">\n\t\t\t\t<div class=\"elementor-widget-container\">\n\t\t\t\t\t\t\t\t\t<p><strong>\u00c9quipe passionn\u00e9e<\/strong><\/p><ul><li>Bas\u00e9s dans la vibrante ville de Montr\u00e9al, nous sommes une \u00e9quipe port\u00e9e par la cr\u00e9ativit\u00e9 et l\u2019innovation. Notre passion pour la cr\u00e9ation nous pousse \u00e0\u00a0<strong>am\u00e9liorer Internet<\/strong>\u00a0et favoriser les connexions professionnelles.<\/li><\/ul><p><strong>Notre mission<\/strong><\/p><ul><li>Nous visons \u00e0 \u00e9tablir des relations durables avec nos clients, en offrant bien plus que du d\u00e9veloppement. Nous aspirons \u00e0 \u00eatre des partenaires de r\u00e9ussite, en fa\u00e7onnant une pr\u00e9sence num\u00e9rique qui se d\u00e9marque.<\/li><\/ul><p><strong>Nos services<\/strong><\/p><ul><li>Sp\u00e9cialis\u00e9s dans\u00a0<strong>d\u00e9veloppement de sites web WordPress<\/strong>,\u00a0<strong>Cr\u00e9ation de logos<\/strong>,\u00a0<strong>Vectorisation de logos<\/strong>,\u00a0<strong>Automatisation des t\u00e2ches<\/strong>,\u00a0<strong>Sourcing de produits \u00e0 l\u2019international<\/strong>, et\u00a0<strong>Production vid\u00e9o<\/strong>\u00a0pour les intros et outros.<\/li><\/ul><p><strong>Solutions sur mesure<\/strong><\/p><ul><li>Nous simplifions le processus de cr\u00e9ation de site web gr\u00e2ce \u00e0\u00a0<strong>des solutions personnalis\u00e9es<\/strong>\u00a0adapt\u00e9es \u00e0 vos besoins uniques, garantissant une pr\u00e9sence en ligne optimis\u00e9e et efficace.<\/li><\/ul><p><strong>\u00c9changez avec nous<\/strong><\/p><ul><li>Rejoignez-nous dans notre aventure pour avoir un impact significatif en ligne. Nous vous invitons \u00e0\u00a0<strong>nous contactez<\/strong>\u00a0et \u00e0 d\u00e9couvrir comment nos services peuvent propulser votre marque.<\/li><\/ul>\t\t\t\t\t\t\t\t<\/div>\n\t\t\t\t<\/div>\n\t\t\t\t\t<\/div>\n\t\t<\/div>\n\t\t\t\t<div class=\"elementor-column elementor-col-50 elementor-inner-column elementor-element elementor-element-86e0a38 has-sticky-column has-stretch-block has-reset-mobile to-left\" data-id=\"86e0a38\" data-element_type=\"column\" data-e-type=\"column\">\n\t\t\t<div class=\"elementor-widget-wrap elementor-element-populated\">\n\t\t\t\t\t\t<div class=\"elementor-element elementor-element-66cc4da elementor-widget elementor-widget-image\" data-id=\"66cc4da\" data-element_type=\"widget\" data-e-type=\"widget\" data-widget_type=\"image.default\">\n\t\t\t\t<div class=\"elementor-widget-container\">\n\t\t\t\t\t\t\t\t\t\t\t\t\t\t\t<img fetchpriority=\"high\" decoding=\"async\" width=\"1989\" height=\"2560\" src=\"https:\/\/xtremdigital.com\/wp-content\/uploads\/2024\/03\/xtremdigital_montreal_digital_service-2-scaled.jpg\" class=\"attachment-full size-full wp-image-1893\" alt=\"\" srcset=\"https:\/\/xtremdigital.com\/wp-content\/uploads\/2024\/03\/xtremdigital_montreal_digital_service-2-scaled.jpg.webp 1989w, https:\/\/xtremdigital.com\/wp-content\/uploads\/2024\/03\/xtremdigital_montreal_digital_service-2-233x300.jpg.webp 233w, https:\/\/xtremdigital.com\/wp-content\/uploads\/2024\/03\/xtremdigital_montreal_digital_service-2-796x1024.jpg.webp 796w, https:\/\/xtremdigital.com\/wp-content\/uploads\/2024\/03\/xtremdigital_montreal_digital_service-2-768x988.jpg.webp 768w, https:\/\/xtremdigital.com\/wp-content\/uploads\/2024\/03\/xtremdigital_montreal_digital_service-2-1193x1536.jpg.webp 1193w, https:\/\/xtremdigital.com\/wp-content\/uploads\/2024\/03\/xtremdigital_montreal_digital_service-2-1591x2048.jpg.webp 1591w, https:\/\/xtremdigital.com\/wp-content\/uploads\/2024\/03\/xtremdigital_montreal_digital_service-2-208x268.jpg.webp 208w, https:\/\/xtremdigital.com\/wp-content\/uploads\/2024\/03\/xtremdigital_montreal_digital_service-2-1120x1442.jpg.webp 1120w\" sizes=\"(max-width: 1989px) 100vw, 1989px\" \/>\t\t\t\t\t\t\t\t\t\t\t\t\t\t\t<\/div>\n\t\t\t\t<\/div>\n\t\t\t\t\t<\/div>\n\t\t<\/div>\n\t\t\t\t\t<\/div>\n\t\t<\/section>\n\t\t\t\t\t<\/div>\n\t\t<\/div>\n\t\t\t\t\t<\/div>\n\t\t<\/section>\n\t\t\t\t<\/div>","protected":false},"excerpt":{"rendered":"<p>Every Great Design Begins With An Even Better Story Passionate Team Based in the vibrant city of Montreal, we are a team that thrives [&hellip;]<\/p>\n","protected":false},"author":1,"featured_media":7,"parent":0,"menu_order":0,"comment_status":"closed","ping_status":"closed","template":"page-custom.php","meta":{"_acf_changed":false,"footnotes":""},"class_list":["post-920","page","type-page","status-publish","has-post-thumbnail","hentry"],"acf":{"full_width":true,"header_transparent":false},"_links":{"self":[{"href":"https:\/\/xtremdigital.com\/francais\/wp-json\/wp\/v2\/pages\/920","targetHints":{"allow":["GET"]}}],"collection":[{"href":"https:\/\/xtremdigital.com\/francais\/wp-json\/wp\/v2\/pages"}],"about":[{"href":"https:\/\/xtremdigital.com\/francais\/wp-json\/wp\/v2\/types\/page"}],"author":[{"embeddable":true,"href":"https:\/\/xtremdigital.com\/francais\/wp-json\/wp\/v2\/users\/1"}],"replies":[{"embeddable":true,"href":"https:\/\/xtremdigital.com\/francais\/wp-json\/wp\/v2\/comments?post=920"}],"version-history":[{"count":6,"href":"https:\/\/xtremdigital.com\/francais\/wp-json\/wp\/v2\/pages\/920\/revisions"}],"predecessor-version":[{"id":1993,"href":"https:\/\/xtremdigital.com\/francais\/wp-json\/wp\/v2\/pages\/920\/revisions\/1993"}],"wp:featuredmedia":[{"embeddable":true,"href":"https:\/\/xtremdigital.com\/francais\/wp-json\/wp\/v2\/media\/7"}],"wp:attachment":[{"href":"https:\/\/xtremdigital.com\/francais\/wp-json\/wp\/v2\/media?parent=920"}],"curies":[{"name":"wp","href":"https:\/\/api.w.org\/{rel}","templated":true}]}}