{"id":535,"date":"2022-05-28T12:02:28","date_gmt":"2022-05-28T12:02:28","guid":{"rendered":"https:\/\/theme.madsparrow.me\/nicex\/?page_id=535"},"modified":"2025-05-10T03:05:03","modified_gmt":"2025-05-10T03:05:03","slug":"fullscreen-slider","status":"publish","type":"page","link":"https:\/\/xtremdigital.com\/francais\/","title":{"rendered":"Accueil"},"content":{"rendered":"<div data-elementor-type=\"wp-page\" data-elementor-id=\"535\" class=\"elementor elementor-535\">\n\t\t\t\t\t\t<section class=\"elementor-section elementor-top-section elementor-element elementor-element-874b672 elementor-section-full_width elementor-section-height-default elementor-section-height-default\" data-id=\"874b672\" data-element_type=\"section\" data-e-type=\"section\">\n\t\t\t\t\t\t<div class=\"elementor-container elementor-column-gap-no\">\n\t\t\t\t\t<div class=\"elementor-column elementor-col-100 elementor-top-column elementor-element elementor-element-d082a6e\" data-id=\"d082a6e\" data-element_type=\"column\" data-e-type=\"column\">\n\t\t\t<div class=\"elementor-widget-wrap elementor-element-populated\">\n\t\t\t\t\t\t<div class=\"elementor-element elementor-element-5d7028b elementor-widget elementor-widget-ms_slider_fs\" data-id=\"5d7028b\" data-element_type=\"widget\" data-e-type=\"widget\" data-widget_type=\"ms_slider_fs.default\">\n\t\t\t\t<div class=\"elementor-widget-container\">\n\t\t\t\t\t       \r\n        <div class=\"ms-swiper-content\">\r\n            <div class=\"ms-slider\" id=\"5d7028b\" data-nav=\"\" data-autoplay=\"\" data-centered=\"off\" data-mousewheel=\"on\" data-simulatetouch=\"on\" data-grabcursor=\"on\" data-effect=\"slide\" data-direction=\"vertical\" data-loop=\"on\" data-spv=\"1\" data-spv-t=\"1\" data-spv-m=\"1\" data-space=\"0\" data-space-t=\"0\" data-space-m=\"0\" data-speed=\"1000\">\r\n                <div class=\"swiper-wrapper\">\r\n                \r\n                                                                    <div class=\"swiper-slide\">\r\n                                                    <div class=\"slide-inner\" data-swiper-parallax=\"50%\">\r\n                            \r\n                                                                    <div class=\"ms-slider--img\">\r\n                                        <img fetchpriority=\"high\" decoding=\"async\" width=\"2560\" height=\"1440\" src=\"https:\/\/xtremdigital.com\/wp-content\/uploads\/2024\/03\/xtremdigital_montreal_digital_service-3-scaled.jpg\" class=\"attachment-full size-full wp-image-1897\" alt=\"\" srcset=\"https:\/\/xtremdigital.com\/wp-content\/uploads\/2024\/03\/xtremdigital_montreal_digital_service-3-scaled.jpg 2560w, https:\/\/xtremdigital.com\/wp-content\/uploads\/2024\/03\/xtremdigital_montreal_digital_service-3-300x169.jpg 300w, https:\/\/xtremdigital.com\/wp-content\/uploads\/2024\/03\/xtremdigital_montreal_digital_service-3-1024x576.jpg 1024w, https:\/\/xtremdigital.com\/wp-content\/uploads\/2024\/03\/xtremdigital_montreal_digital_service-3-768x432.jpg 768w, https:\/\/xtremdigital.com\/wp-content\/uploads\/2024\/03\/xtremdigital_montreal_digital_service-3-1536x864.jpg 1536w, https:\/\/xtremdigital.com\/wp-content\/uploads\/2024\/03\/xtremdigital_montreal_digital_service-3-2048x1152.jpg 2048w, https:\/\/xtremdigital.com\/wp-content\/uploads\/2024\/03\/xtremdigital_montreal_digital_service-3-400x225.jpg 400w, https:\/\/xtremdigital.com\/wp-content\/uploads\/2024\/03\/xtremdigital_montreal_digital_service-3-1120x630.jpg 1120w\" sizes=\"(max-width: 2560px) 100vw, 2560px\" \/>                                    <\/div>\r\n                                                                \r\n                                \r\n                                \r\n                                \r\n                                    \r\n                                        <div class=\"ms-slider--cont\" data-swiper-parallax=\"-25%\">\r\n                                            <div class=\"ms-cont__inner\">\r\n\r\n                                                \r\n                                                                                                    <h1 class=\"ms-sc--t\">xtrem<br>digital<\/h1>\r\n                                                                                                \r\n                                                                                                    <p class=\"ms-sc--desc\">Nous sommes passionn\u00e9s par l\u2019id\u00e9e d\u2019am\u00e9liorer Internet et de connecter les entreprises.<\/p>\r\n                                                \r\n                                                                                                    <a class=\"ms-sc--l text\" href=\"https:\/\/xtremdigital.com\/francais\/contact-us\/\">\r\n                                                        nous contactez                                                    <\/a>\r\n                                                \r\n                                            <\/div>\r\n                                        <\/div>\r\n                                    \r\n                                \r\n                            <\/div>\r\n                        <\/div>\r\n                                                                    <div class=\"swiper-slide\">\r\n                                                    <div class=\"slide-inner\" data-swiper-parallax=\"50%\">\r\n                            \r\n                                                                    <div class=\"ms-slider--img\">\r\n                                        <img decoding=\"async\" width=\"2560\" height=\"1709\" src=\"https:\/\/xtremdigital.com\/wp-content\/uploads\/2024\/03\/xtremdigital_montreal_digital_service-4-scaled.jpg\" class=\"attachment-full size-full wp-image-1899\" alt=\"\" srcset=\"https:\/\/xtremdigital.com\/wp-content\/uploads\/2024\/03\/xtremdigital_montreal_digital_service-4-scaled.jpg 2560w, https:\/\/xtremdigital.com\/wp-content\/uploads\/2024\/03\/xtremdigital_montreal_digital_service-4-300x200.jpg 300w, https:\/\/xtremdigital.com\/wp-content\/uploads\/2024\/03\/xtremdigital_montreal_digital_service-4-1024x683.jpg 1024w, https:\/\/xtremdigital.com\/wp-content\/uploads\/2024\/03\/xtremdigital_montreal_digital_service-4-768x513.jpg 768w, https:\/\/xtremdigital.com\/wp-content\/uploads\/2024\/03\/xtremdigital_montreal_digital_service-4-1536x1025.jpg 1536w, https:\/\/xtremdigital.com\/wp-content\/uploads\/2024\/03\/xtremdigital_montreal_digital_service-4-2048x1367.jpg 2048w, https:\/\/xtremdigital.com\/wp-content\/uploads\/2024\/03\/xtremdigital_montreal_digital_service-4-400x268.jpg 400w, https:\/\/xtremdigital.com\/wp-content\/uploads\/2024\/03\/xtremdigital_montreal_digital_service-4-1120x747.jpg 1120w\" sizes=\"(max-width: 2560px) 100vw, 2560px\" \/>                                    <\/div>\r\n                                                                \r\n                                \r\n                                \r\n                                \r\n                                    \r\n                                        <div class=\"ms-slider--cont\" data-swiper-parallax=\"-25%\">\r\n                                            <div class=\"ms-cont__inner\">\r\n\r\n                                                                                                    <h3 class=\"ms-sc--st\">Ce que nous faisons<\/h3>\r\n                                                \r\n                                                                                                \r\n                                                                                                    <p class=\"ms-sc--desc\">Cr\u00e9ation de sites web sur WordPress, conception de logos, vectorisation de logos, automatisation de vos t\u00e2ches, recherche de produits \u00e0 l\u2019international et cr\u00e9ation de vid\u00e9os d\u2019intro et d\u2019outro.<\/p>\r\n                                                \r\n                                                                                                    <a class=\"ms-sc--l text\" href=\"https:\/\/xtremdigital.com\/francais\/services\/\">\r\n                                                        Voir tous les services                                                    <\/a>\r\n                                                \r\n                                            <\/div>\r\n                                        <\/div>\r\n                                    \r\n                                \r\n                            <\/div>\r\n                        <\/div>\r\n                                                                    <div class=\"swiper-slide\">\r\n                                                    <div class=\"slide-inner\" data-swiper-parallax=\"50%\">\r\n                            \r\n                                                                    <div class=\"ms-slider--img\">\r\n                                        <img decoding=\"async\" width=\"2560\" height=\"1612\" src=\"https:\/\/xtremdigital.com\/wp-content\/uploads\/2024\/03\/xtremdigital_montreal_digital_service-scaled.jpg\" class=\"attachment-full size-full wp-image-1901\" alt=\"\" srcset=\"https:\/\/xtremdigital.com\/wp-content\/uploads\/2024\/03\/xtremdigital_montreal_digital_service-scaled.jpg 2560w, https:\/\/xtremdigital.com\/wp-content\/uploads\/2024\/03\/xtremdigital_montreal_digital_service-300x189.jpg 300w, https:\/\/xtremdigital.com\/wp-content\/uploads\/2024\/03\/xtremdigital_montreal_digital_service-1024x645.jpg 1024w, https:\/\/xtremdigital.com\/wp-content\/uploads\/2024\/03\/xtremdigital_montreal_digital_service-768x484.jpg 768w, https:\/\/xtremdigital.com\/wp-content\/uploads\/2024\/03\/xtremdigital_montreal_digital_service-1536x967.jpg 1536w, https:\/\/xtremdigital.com\/wp-content\/uploads\/2024\/03\/xtremdigital_montreal_digital_service-2048x1289.jpg 2048w, https:\/\/xtremdigital.com\/wp-content\/uploads\/2024\/03\/xtremdigital_montreal_digital_service-400x252.jpg 400w, https:\/\/xtremdigital.com\/wp-content\/uploads\/2024\/03\/xtremdigital_montreal_digital_service-1120x705.jpg 1120w\" sizes=\"(max-width: 2560px) 100vw, 2560px\" \/>                                    <\/div>\r\n                                                                \r\n                                \r\n                                \r\n                                \r\n                                    \r\n                                        <div class=\"ms-slider--cont\" data-swiper-parallax=\"-25%\">\r\n                                            <div class=\"ms-cont__inner\">\r\n\r\n                                                                                                    <h3 class=\"ms-sc--st\">Aper\u00e7us <br>sur l\u2019avenir<br> du progr\u00e8s<\/h3>\r\n                                                \r\n                                                                                                \r\n                                                                                                    <p class=\"ms-sc--desc\">Explorez un monde o\u00f9 l\u2019IA rencontre le business, o\u00f9 la technologie propulse l\u2019innovation, et o\u00f9 le code transforme les industries \u2014 une id\u00e9e audacieuse \u00e0 la fois.\n<\/p>\r\n                                                \r\n                                                                                                    <a class=\"ms-sc--l text\" href=\"https:\/\/xtremdigital.com\/francais\/blog\/\">\r\n                                                        Explorer le blog                                                    <\/a>\r\n                                                \r\n                                            <\/div>\r\n                                        <\/div>\r\n                                    \r\n                                \r\n                            <\/div>\r\n                        <\/div>\r\n                                    <\/div>\r\n                                            <\/div>\r\n        <\/div>\r\n\t\t\t\t\t\t<\/div>\n\t\t\t\t<\/div>\n\t\t\t\t\t<\/div>\n\t\t<\/div>\n\t\t\t\t\t<\/div>\n\t\t<\/section>\n\t\t\t\t<\/div>","protected":false},"excerpt":{"rendered":"<p>xtremdigital We are passionate about making the internet a better place and connecting business. contact us what we do Building website on wordpress, creating [&hellip;]<\/p>\n","protected":false},"author":1,"featured_media":7,"parent":0,"menu_order":0,"comment_status":"closed","ping_status":"closed","template":"page-no-footer.php","meta":{"_acf_changed":false,"footnotes":""},"class_list":["post-535","page","type-page","status-publish","has-post-thumbnail","hentry"],"acf":{"full_width":true,"header_transparent":true},"_links":{"self":[{"href":"https:\/\/xtremdigital.com\/francais\/wp-json\/wp\/v2\/pages\/535","targetHints":{"allow":["GET"]}}],"collection":[{"href":"https:\/\/xtremdigital.com\/francais\/wp-json\/wp\/v2\/pages"}],"about":[{"href":"https:\/\/xtremdigital.com\/francais\/wp-json\/wp\/v2\/types\/page"}],"author":[{"embeddable":true,"href":"https:\/\/xtremdigital.com\/francais\/wp-json\/wp\/v2\/users\/1"}],"replies":[{"embeddable":true,"href":"https:\/\/xtremdigital.com\/francais\/wp-json\/wp\/v2\/comments?post=535"}],"version-history":[{"count":41,"href":"https:\/\/xtremdigital.com\/francais\/wp-json\/wp\/v2\/pages\/535\/revisions"}],"predecessor-version":[{"id":2189,"href":"https:\/\/xtremdigital.com\/francais\/wp-json\/wp\/v2\/pages\/535\/revisions\/2189"}],"wp:featuredmedia":[{"embeddable":true,"href":"https:\/\/xtremdigital.com\/francais\/wp-json\/wp\/v2\/media\/7"}],"wp:attachment":[{"href":"https:\/\/xtremdigital.com\/francais\/wp-json\/wp\/v2\/media?parent=535"}],"curies":[{"name":"wp","href":"https:\/\/api.w.org\/{rel}","templated":true}]}}