{"id":1078,"date":"2022-06-04T13:34:47","date_gmt":"2022-06-04T13:34:47","guid":{"rendered":"https:\/\/theme.madsparrow.me\/nicex\/?page_id=1078"},"modified":"2024-03-26T04:16:36","modified_gmt":"2024-03-26T04:16:36","slug":"services","status":"publish","type":"page","link":"https:\/\/xtremdigital.com\/francais\/services\/","title":{"rendered":"Services"},"content":{"rendered":"<div data-elementor-type=\"wp-page\" data-elementor-id=\"1078\" class=\"elementor elementor-1078\">\n\t\t\t\t\t\t<section class=\"elementor-section elementor-top-section elementor-element elementor-element-f6ad499 elementor-section-height-min-height elementor-section-boxed elementor-section-height-default elementor-section-items-middle\" data-id=\"f6ad499\" data-element_type=\"section\" data-e-type=\"section\">\n\t\t\t\t\t\t<div class=\"elementor-container elementor-column-gap-extended\">\n\t\t\t\t\t<div class=\"elementor-column elementor-col-100 elementor-top-column elementor-element elementor-element-f00459a\" data-id=\"f00459a\" data-element_type=\"column\" data-e-type=\"column\">\n\t\t\t<div class=\"elementor-widget-wrap elementor-element-populated\">\n\t\t\t\t\t\t<div class=\"elementor-element elementor-element-f19fbfe elementor-widget elementor-widget-heading\" data-id=\"f19fbfe\" data-element_type=\"widget\" data-e-type=\"widget\" data-widget_type=\"heading.default\">\n\t\t\t\t<div class=\"elementor-widget-container\">\n\t\t\t\t\t<h4 class=\"elementor-heading-title elementor-size-default\">\u2501 Nos services<\/h4>\t\t\t\t<\/div>\n\t\t\t\t<\/div>\n\t\t\t\t<div class=\"elementor-element elementor-element-2e32185 elementor-widget elementor-widget-heading\" data-id=\"2e32185\" data-element_type=\"widget\" data-e-type=\"widget\" data-widget_type=\"heading.default\">\n\t\t\t\t<div class=\"elementor-widget-container\">\n\t\t\t\t\t<h1 class=\"elementor-heading-title elementor-size-default\">NOUS OFFRONS UN LARGE \u00c9VENTAIL DE SERVICES <br>\nPOUR AIDER \u00c0 FAIRE CRO\u00ceTRE VOTRE ENTREPRISE<\/h1>\t\t\t\t<\/div>\n\t\t\t\t<\/div>\n\t\t\t\t<div class=\"elementor-element elementor-element-cafd822 elementor-widget elementor-widget-text-editor\" data-id=\"cafd822\" data-element_type=\"widget\" data-e-type=\"widget\" data-widget_type=\"text-editor.default\">\n\t\t\t\t<div class=\"elementor-widget-container\">\n\t\t\t\t\t\t\t\t\t<p>Gr\u00e2ce aux technologies de pointe, nous transformons vos visions en r\u00e9alit\u00e9, en \u00e9voluant constamment avec les derni\u00e8res tendances pour faire grandir votre entreprise.<\/p>\t\t\t\t\t\t\t\t<\/div>\n\t\t\t\t<\/div>\n\t\t\t\t\t<\/div>\n\t\t<\/div>\n\t\t\t\t\t<\/div>\n\t\t<\/section>\n\t\t\t\t<section class=\"elementor-section elementor-top-section elementor-element elementor-element-8032182 elementor-section-boxed elementor-section-height-default elementor-section-height-default\" data-id=\"8032182\" data-element_type=\"section\" data-e-type=\"section\">\n\t\t\t\t\t\t<div class=\"elementor-container elementor-column-gap-extended\">\n\t\t\t\t\t<div class=\"elementor-column elementor-col-100 elementor-top-column elementor-element elementor-element-fb882f2\" data-id=\"fb882f2\" data-element_type=\"column\" data-e-type=\"column\">\n\t\t\t<div class=\"elementor-widget-wrap elementor-element-populated\">\n\t\t\t\t\t\t<section class=\"elementor-section elementor-inner-section elementor-element elementor-element-cbcd6b5 elementor-section-full_width elementor-section-height-default elementor-section-height-default\" data-id=\"cbcd6b5\" data-element_type=\"section\" data-e-type=\"section\">\n\t\t\t\t\t\t<div class=\"elementor-container elementor-column-gap-extended\">\n\t\t\t\t\t<div class=\"elementor-column elementor-col-33 elementor-inner-column elementor-element elementor-element-070d98a\" data-id=\"070d98a\" data-element_type=\"column\" data-e-type=\"column\">\n\t\t\t<div class=\"elementor-widget-wrap elementor-element-populated\">\n\t\t\t\t\t\t<div class=\"elementor-element elementor-element-f79d454 elementor-widget elementor-widget-services\" data-id=\"f79d454\" data-element_type=\"widget\" data-e-type=\"widget\" data-widget_type=\"services.default\">\n\t\t\t\t<div class=\"elementor-widget-container\">\n\t\t\t\t\t        \r\n        <div class=\"ms-sb img-left\">\r\n\r\n            \r\n                <div class=\"ms-sb--img boxed\">\r\n                                            <img decoding=\"async\" width=\"150\" height=\"150\" src=\"https:\/\/xtremdigital.com\/wp-content\/uploads\/2024\/03\/xtremdigital_montreal_digital_service-2.png\" class=\"attachment-thumbnail size-thumbnail wp-image-1894\" alt=\"\" srcset=\"https:\/\/xtremdigital.com\/wp-content\/uploads\/2024\/03\/xtremdigital_montreal_digital_service-2.png 150w, https:\/\/xtremdigital.com\/wp-content\/uploads\/2024\/03\/xtremdigital_montreal_digital_service-2-50x50.png 50w, https:\/\/xtremdigital.com\/wp-content\/uploads\/2024\/03\/xtremdigital_montreal_digital_service-2-80x80.png 80w\" sizes=\"(max-width: 150px) 100vw, 150px\" \/>                                    <\/div>\r\n\r\n            \r\n            <div class=\"ms-sb--inner\">\r\n                                    <h3 class=\"ms-sb--title\">\r\n                                                    <span>Cr\u00e9ation de sites web sur WordPress<\/span>\r\n                                            <\/h3>\r\n                                                    <p class=\"ms-sb--text\">Conception de sites WordPress en toute simplicit\u00e9, pour une empreinte num\u00e9rique qui se d\u00e9marque. Sur mesure, intuitifs et performants.\n\n<\/p>\r\n                            <\/div>\r\n\r\n        <\/div>\r\n\r\n        \t\t\t\t<\/div>\n\t\t\t\t<\/div>\n\t\t\t\t\t<\/div>\n\t\t<\/div>\n\t\t\t\t<div class=\"elementor-column elementor-col-33 elementor-inner-column elementor-element elementor-element-e95b777\" data-id=\"e95b777\" data-element_type=\"column\" data-e-type=\"column\">\n\t\t\t<div class=\"elementor-widget-wrap elementor-element-populated\">\n\t\t\t\t\t\t<div class=\"elementor-element elementor-element-1c0e20b elementor-widget elementor-widget-services\" data-id=\"1c0e20b\" data-element_type=\"widget\" data-e-type=\"widget\" data-widget_type=\"services.default\">\n\t\t\t\t<div class=\"elementor-widget-container\">\n\t\t\t\t\t        \r\n        <div class=\"ms-sb img-left\">\r\n\r\n            \r\n                <div class=\"ms-sb--img boxed\">\r\n                                            <img decoding=\"async\" width=\"150\" height=\"150\" src=\"https:\/\/xtremdigital.com\/wp-content\/uploads\/2024\/03\/xtremdigital_montreal_digital_service-2.jpeg\" class=\"attachment-full size-full wp-image-1892\" alt=\"\" srcset=\"https:\/\/xtremdigital.com\/wp-content\/uploads\/2024\/03\/xtremdigital_montreal_digital_service-2.jpeg 150w, https:\/\/xtremdigital.com\/wp-content\/uploads\/2024\/03\/xtremdigital_montreal_digital_service-2-50x50.jpeg 50w, https:\/\/xtremdigital.com\/wp-content\/uploads\/2024\/03\/xtremdigital_montreal_digital_service-2-80x80.jpeg 80w\" sizes=\"(max-width: 150px) 100vw, 150px\" \/>                                    <\/div>\r\n\r\n            \r\n            <div class=\"ms-sb--inner\">\r\n                                    <h3 class=\"ms-sb--title\">\r\n                                                    <span>Cr\u00e9ation de logos<\/span>\r\n                                            <\/h3>\r\n                                                    <p class=\"ms-sb--text\">Cr\u00e9ation de logos qui se d\u00e9marquent. Uniques, m\u00e9morables, et refl\u00e9tant parfaitement l\u2019essence de votre marque.<\/p>\r\n                            <\/div>\r\n\r\n        <\/div>\r\n\r\n        \t\t\t\t<\/div>\n\t\t\t\t<\/div>\n\t\t\t\t\t<\/div>\n\t\t<\/div>\n\t\t\t\t<div class=\"elementor-column elementor-col-33 elementor-inner-column elementor-element elementor-element-50ecbf3\" data-id=\"50ecbf3\" data-element_type=\"column\" data-e-type=\"column\">\n\t\t\t<div class=\"elementor-widget-wrap elementor-element-populated\">\n\t\t\t\t\t\t<div class=\"elementor-element elementor-element-01857e0 elementor-widget elementor-widget-services\" data-id=\"01857e0\" data-element_type=\"widget\" data-e-type=\"widget\" data-widget_type=\"services.default\">\n\t\t\t\t<div class=\"elementor-widget-container\">\n\t\t\t\t\t        \r\n        <div class=\"ms-sb img-left\">\r\n\r\n            \r\n                <div class=\"ms-sb--img boxed\">\r\n                                            <img decoding=\"async\" width=\"150\" height=\"150\" src=\"https:\/\/xtremdigital.com\/wp-content\/uploads\/2024\/03\/xtremdigital_montreal_digital_service.png\" class=\"attachment-full size-full wp-image-1955\" alt=\"\" srcset=\"https:\/\/xtremdigital.com\/wp-content\/uploads\/2024\/03\/xtremdigital_montreal_digital_service.png 150w, https:\/\/xtremdigital.com\/wp-content\/uploads\/2024\/03\/xtremdigital_montreal_digital_service-50x50.png 50w, https:\/\/xtremdigital.com\/wp-content\/uploads\/2024\/03\/xtremdigital_montreal_digital_service-80x80.png 80w\" sizes=\"(max-width: 150px) 100vw, 150px\" \/>                                    <\/div>\r\n\r\n            \r\n            <div class=\"ms-sb--inner\">\r\n                                    <h3 class=\"ms-sb--title\">\r\n                                                    <span>Vectorisation de logos<\/span>\r\n                                            <\/h3>\r\n                                                    <p class=\"ms-sb--text\">Transformation de logos en vecteurs. Pr\u00e9cis, adaptables et pr\u00eats pour toutes les plateformes. L\u2019identit\u00e9 de votre marque, sublim\u00e9e.\n\n<\/p>\r\n                            <\/div>\r\n\r\n        <\/div>\r\n\r\n        \t\t\t\t<\/div>\n\t\t\t\t<\/div>\n\t\t\t\t\t<\/div>\n\t\t<\/div>\n\t\t\t\t\t<\/div>\n\t\t<\/section>\n\t\t\t\t<section class=\"elementor-section elementor-inner-section elementor-element elementor-element-ab34c9b elementor-section-full_width elementor-section-height-default elementor-section-height-default\" data-id=\"ab34c9b\" data-element_type=\"section\" data-e-type=\"section\">\n\t\t\t\t\t\t<div class=\"elementor-container elementor-column-gap-extended\">\n\t\t\t\t\t<div class=\"elementor-column elementor-col-33 elementor-inner-column elementor-element elementor-element-87d5858\" data-id=\"87d5858\" data-element_type=\"column\" data-e-type=\"column\">\n\t\t\t<div class=\"elementor-widget-wrap elementor-element-populated\">\n\t\t\t\t\t\t<div class=\"elementor-element elementor-element-482f3cc elementor-widget elementor-widget-services\" data-id=\"482f3cc\" data-element_type=\"widget\" data-e-type=\"widget\" data-widget_type=\"services.default\">\n\t\t\t\t<div class=\"elementor-widget-container\">\n\t\t\t\t\t        \r\n        <div class=\"ms-sb img-left\">\r\n\r\n            \r\n                <div class=\"ms-sb--img boxed\">\r\n                                            <img loading=\"lazy\" decoding=\"async\" width=\"150\" height=\"150\" src=\"https:\/\/xtremdigital.com\/wp-content\/uploads\/2024\/03\/xtremdigital_montreal_digital_service-3.jpeg\" class=\"attachment-full size-full wp-image-1895\" alt=\"\" srcset=\"https:\/\/xtremdigital.com\/wp-content\/uploads\/2024\/03\/xtremdigital_montreal_digital_service-3.jpeg 150w, https:\/\/xtremdigital.com\/wp-content\/uploads\/2024\/03\/xtremdigital_montreal_digital_service-3-50x50.jpeg 50w, https:\/\/xtremdigital.com\/wp-content\/uploads\/2024\/03\/xtremdigital_montreal_digital_service-3-80x80.jpeg 80w\" sizes=\"(max-width: 150px) 100vw, 150px\" \/>                                    <\/div>\r\n\r\n            \r\n            <div class=\"ms-sb--inner\">\r\n                                    <h3 class=\"ms-sb--title\">\r\n                                                    <span>Automatisation de vos t\u00e2ches<\/span>\r\n                                            <\/h3>\r\n                                                    <p class=\"ms-sb--text\">Simplification des t\u00e2ches gr\u00e2ce \u00e0 l\u2019automatisation. Efficace, sans erreur et gain de temps. Boostez votre productivit\u00e9 sans effort.<\/p>\r\n                            <\/div>\r\n\r\n        <\/div>\r\n\r\n        \t\t\t\t<\/div>\n\t\t\t\t<\/div>\n\t\t\t\t\t<\/div>\n\t\t<\/div>\n\t\t\t\t<div class=\"elementor-column elementor-col-33 elementor-inner-column elementor-element elementor-element-56966f3\" data-id=\"56966f3\" data-element_type=\"column\" data-e-type=\"column\">\n\t\t\t<div class=\"elementor-widget-wrap elementor-element-populated\">\n\t\t\t\t\t\t<div class=\"elementor-element elementor-element-6778aaf elementor-widget elementor-widget-services\" data-id=\"6778aaf\" data-element_type=\"widget\" data-e-type=\"widget\" data-widget_type=\"services.default\">\n\t\t\t\t<div class=\"elementor-widget-container\">\n\t\t\t\t\t        \r\n        <div class=\"ms-sb img-left\">\r\n\r\n            \r\n                <div class=\"ms-sb--img boxed\">\r\n                                            <img loading=\"lazy\" decoding=\"async\" width=\"150\" height=\"150\" src=\"https:\/\/xtremdigital.com\/wp-content\/uploads\/2024\/03\/xtremdigital_montreal_digital_service.jpeg\" class=\"attachment-full size-full wp-image-1956\" alt=\"\" srcset=\"https:\/\/xtremdigital.com\/wp-content\/uploads\/2024\/03\/xtremdigital_montreal_digital_service.jpeg 150w, https:\/\/xtremdigital.com\/wp-content\/uploads\/2024\/03\/xtremdigital_montreal_digital_service-50x50.jpeg 50w, https:\/\/xtremdigital.com\/wp-content\/uploads\/2024\/03\/xtremdigital_montreal_digital_service-80x80.jpeg 80w\" sizes=\"(max-width: 150px) 100vw, 150px\" \/>                                    <\/div>\r\n\r\n            \r\n            <div class=\"ms-sb--inner\">\r\n                                    <h3 class=\"ms-sb--title\">\r\n                                                    <span>Sourcing de produits \u00e0 l\u2019\u00e9tranger<\/span>\r\n                                            <\/h3>\r\n                                                    <p class=\"ms-sb--text\">Le sourcing international simplifi\u00e9. Trouvez des produits \u00e0 l\u2019\u00e9tranger en toute confiance. \u00c9tendez votre port\u00e9e, enrichissez votre offre.<\/p>\r\n                            <\/div>\r\n\r\n        <\/div>\r\n\r\n        \t\t\t\t<\/div>\n\t\t\t\t<\/div>\n\t\t\t\t\t<\/div>\n\t\t<\/div>\n\t\t\t\t<div class=\"elementor-column elementor-col-33 elementor-inner-column elementor-element elementor-element-1db0845\" data-id=\"1db0845\" data-element_type=\"column\" data-e-type=\"column\">\n\t\t\t<div class=\"elementor-widget-wrap elementor-element-populated\">\n\t\t\t\t\t\t<div class=\"elementor-element elementor-element-4b705e6 elementor-widget elementor-widget-services\" data-id=\"4b705e6\" data-element_type=\"widget\" data-e-type=\"widget\" data-widget_type=\"services.default\">\n\t\t\t\t<div class=\"elementor-widget-container\">\n\t\t\t\t\t        \r\n        <div class=\"ms-sb img-left\">\r\n\r\n            \r\n                <div class=\"ms-sb--img boxed\">\r\n                                            <img loading=\"lazy\" decoding=\"async\" width=\"150\" height=\"150\" src=\"https:\/\/xtremdigital.com\/wp-content\/uploads\/2024\/03\/xtremdigital_montreal_digital_service-4.jpeg\" class=\"attachment-full size-full wp-image-1898\" alt=\"\" srcset=\"https:\/\/xtremdigital.com\/wp-content\/uploads\/2024\/03\/xtremdigital_montreal_digital_service-4.jpeg 150w, https:\/\/xtremdigital.com\/wp-content\/uploads\/2024\/03\/xtremdigital_montreal_digital_service-4-50x50.jpeg 50w, https:\/\/xtremdigital.com\/wp-content\/uploads\/2024\/03\/xtremdigital_montreal_digital_service-4-80x80.jpeg 80w\" sizes=\"(max-width: 150px) 100vw, 150px\" \/>                                    <\/div>\r\n\r\n            \r\n            <div class=\"ms-sb--inner\">\r\n                                    <h3 class=\"ms-sb--title\">\r\n                                                    <span>Cr\u00e9ation de vid\u00e9os d\u2019intro et d\u2019outro<\/span>\r\n                                            <\/h3>\r\n                                                    <p class=\"ms-sb--text\">Cr\u00e9ation d\u2019intros et d\u2019outros. Entr\u00e9es captivantes, fins m\u00e9morables. Sublimez vos vid\u00e9os avec notre touche cr\u00e9ative.<\/p>\r\n                            <\/div>\r\n\r\n        <\/div>\r\n\r\n        \t\t\t\t<\/div>\n\t\t\t\t<\/div>\n\t\t\t\t\t<\/div>\n\t\t<\/div>\n\t\t\t\t\t<\/div>\n\t\t<\/section>\n\t\t\t\t\t<\/div>\n\t\t<\/div>\n\t\t\t\t\t<\/div>\n\t\t<\/section>\n\t\t\t\t<\/div>","protected":false},"excerpt":{"rendered":"<p>\u2501&nbsp; Our Services WE OFFER A VAST SELECTION OF SERVICES TO HELP GROW YOUR BUSINESS Using top tech, we turn visions into reality, always [&hellip;]<\/p>\n","protected":false},"author":1,"featured_media":7,"parent":0,"menu_order":0,"comment_status":"closed","ping_status":"closed","template":"page-custom.php","meta":{"_acf_changed":false,"footnotes":""},"class_list":["post-1078","page","type-page","status-publish","has-post-thumbnail","hentry"],"acf":{"full_width":false,"header_transparent":false},"_links":{"self":[{"href":"https:\/\/xtremdigital.com\/francais\/wp-json\/wp\/v2\/pages\/1078","targetHints":{"allow":["GET"]}}],"collection":[{"href":"https:\/\/xtremdigital.com\/francais\/wp-json\/wp\/v2\/pages"}],"about":[{"href":"https:\/\/xtremdigital.com\/francais\/wp-json\/wp\/v2\/types\/page"}],"author":[{"embeddable":true,"href":"https:\/\/xtremdigital.com\/francais\/wp-json\/wp\/v2\/users\/1"}],"replies":[{"embeddable":true,"href":"https:\/\/xtremdigital.com\/francais\/wp-json\/wp\/v2\/comments?post=1078"}],"version-history":[{"count":14,"href":"https:\/\/xtremdigital.com\/francais\/wp-json\/wp\/v2\/pages\/1078\/revisions"}],"predecessor-version":[{"id":1995,"href":"https:\/\/xtremdigital.com\/francais\/wp-json\/wp\/v2\/pages\/1078\/revisions\/1995"}],"wp:featuredmedia":[{"embeddable":true,"href":"https:\/\/xtremdigital.com\/francais\/wp-json\/wp\/v2\/media\/7"}],"wp:attachment":[{"href":"https:\/\/xtremdigital.com\/francais\/wp-json\/wp\/v2\/media?parent=1078"}],"curies":[{"name":"wp","href":"https:\/\/api.w.org\/{rel}","templated":true}]}}